{"id":23,"date":"2021-05-12T14:21:06","date_gmt":"2021-05-12T14:21:06","guid":{"rendered":"https:\/\/nicoladanzi.it\/demo\/?page_id=23"},"modified":"2021-09-15T12:17:03","modified_gmt":"2021-09-15T12:17:03","slug":"chi-sono","status":"publish","type":"page","link":"https:\/\/nicoladanzi.it\/it\/chi-sono\/","title":{"rendered":"Chi sono"},"content":{"rendered":"\n<figure class=\"wp-block-image size-large\"><img decoding=\"async\" width=\"1800\" height=\"772\" loading=\"lazy\" src=\"https:\/\/nicoladanzi.it\/demo\/html\/uploads\/2021\/06\/2-1800x772.jpg\" alt=\"\" class=\"wp-image-276\" srcset=\"https:\/\/nicoladanzi.it\/html\/uploads\/2021\/06\/2-1800x772.jpg 1800w, https:\/\/nicoladanzi.it\/html\/uploads\/2021\/06\/2-800x343.jpg 800w\" sizes=\"auto, (max-width: 1800px) 100vw, 1800px\" \/><\/figure>\n\n\n\n<p>Hello world!<\/p>\n\n\n\n<p>Mi chiamo Nicola Danzi e sono un libero professionista, un mattacchione, uno scout, un musicista, un romantico, sono pap\u00e0 e anche marito (di due creature meravigliose).<\/p>\n\n\n\n<p>Se volete andare dritti al sodo, contattatemi direttamente via mail <a href=\"mailto:hello@nicoladanzi.it\"><em><strong>hello@nicoladanzi.it<\/strong><\/em><\/a>.<\/p>\n\n\n\n<p>Se vi va di conoscermi un po\u2019 meglio continuate a leggere.<\/p>\n\n\n\n<p>La mia passione per il mondo della grafica nasce da bambino, mi piaceva disegnare a mano libera, replicare e personalizzare i disegni che pi\u00f9 mi piacevano creati da altri e poi crearne io stesso viaggiando con la fantasia, mixando forme, dettagli e colori che raccoglievo osservando il mondo attorno a me.<\/p>\n\n\n\n<p>Mi sono emozionato ancora di pi\u00f9, per\u00f2, quando ho scoperto il disegno tecnico, quello fatto a mano, fatto bene, con i fogli che rimanevano puliti, le diverse durezze delle matite che marcavano le parti importanti, la precisione degli strumenti come il parallelografo e le squadre della Vibo. Non immaginavo che proprio quella sarebbe stata la mia strada professionale, ci sono arrivato con il tempo.<\/p>\n\n\n\n<p>Nel frattempo ho fatto esperienze diverse: cuoco, corriere, operaio nel settore del marmo, istruttore di attivit\u00e0 ludico sportive in un parco immenso a Londra. Ho realizzato che il lavoro non \u00e8 semplicemente fare qualcosa per racimolare due spicci per campare, ma una continua scoperta di ci\u00f2 che ti appassiona, uno studio costante, uno stile di vita che parla di te e che ti rende felice ogni giorno.<\/p>\n\n\n\n<p>Dopo diversi tentativi, un\u2019azienda nel settore della comunicazione mi ha dato fiducia permettendomi l\u2019accesso a quel mondo che, oggi pi\u00f9 che mai, unisce la progettazione fisica alla creativit\u00e0 grafica, ovvero il magico mondo della \u201cCGI\u201d (computer grafica 3D). Negli anni ho acquisito diverse competenze: dalla conoscenza e l\u2019applicazione dei materiali, la realizzazione completa di un progetto (dallo schizzo al prodotto finale) fino al raggiungimento della cos\u00ec detta immagine fotorealistica.<\/p>\n\n\n\n<p>Lavorare in Grafica 3D mi coinvolge a 360\u00b0, e i risultati ottenuti parlano chiaro. Ho avuto l\u2019opportunit\u00e0 di realizzare innumerevoli progetti per brand di fama internazionale: Diesel, Amazon, Intel, Logitech, Oppo, DeLonghi group, Replay, Asus, Colmar, Mizuno, Lenovo e tanti altri. Ad un certo punto, per\u00f2, mi sono accorto che non mi bastava pi\u00f9 utilizzarla in un settore soltanto, ho quindi ringraziato chi fino a quel momento mi aveva dato l\u2019opportunit\u00e0 di crescere e ho preso la mia strada diventando un freelance.<\/p>\n\n\n\n<p>Diversificando e ampliando le mie competenze ho iniziato a collaborare quotidianamente con altri grandi professionisti, persone competenti, abili e colte che come me amano il rischio, le sfide e il proprio mestiere.<\/p>\n\n\n\n<p>Essere liberi professionisti ha numerosi vantaggi, ma i pi\u00f9 importanti sono l\u2019arricchimento che deriva dalle collaborazioni e il potersi dedicare con pi\u00f9 attenzione al cliente, alla sua visione e ai suoi progetti offrendo davvero un ampio pacchetto di prodotti con la dovuta cura e la qualit\u00e0 di un risultato sempre all\u2019altezza delle aspettative.<\/p>\n\n\n\n<p>Product design, visualizzazione di interni ed esterni, progettazione e animazioni 3d sono il mio pane quotidiano, quindi grazie per aver letto fino alla fine e\u2026 che dire? Sono tutto orecchi per ascoltare le vostre esigenze, let\u2019s play!<\/p>\n\n\n\n<p>A presto!<\/p>\n\n\n\n<p>Nicola<\/p>\n\n\n\n<figure class=\"wp-block-image size-large\"><img decoding=\"async\" width=\"1800\" height=\"772\" loading=\"lazy\" src=\"https:\/\/nicoladanzi.it\/demo\/html\/uploads\/2021\/06\/1-1-1800x772.jpg\" alt=\"\" class=\"wp-image-278\" srcset=\"https:\/\/nicoladanzi.it\/html\/uploads\/2021\/06\/1-1-1800x772.jpg 1800w, https:\/\/nicoladanzi.it\/html\/uploads\/2021\/06\/1-1-800x343.jpg 800w\" sizes=\"auto, (max-width: 1800px) 100vw, 1800px\" \/><\/figure>\n","protected":false},"excerpt":{"rendered":"<p>Hello world! Mi chiamo Nicola Danzi e sono un libero professionista, un mattacchione, uno scout, un musicista, un romantico, sono pap\u00e0 e anche marito (di due creature meravigliose). Se volete andare dritti al sodo, contattatemi direttamente via mail hello@nicoladanzi.it. Se vi va di conoscermi un po\u2019 meglio continuate a leggere. La mia passione per il [&hellip;]<\/p>\n","protected":false},"author":1,"featured_media":0,"parent":0,"menu_order":0,"comment_status":"closed","ping_status":"closed","template":"","meta":{"footnotes":""},"class_list":["post-23","page","type-page","status-publish","hentry"],"_links":{"self":[{"href":"https:\/\/nicoladanzi.it\/it\/wp-json\/wp\/v2\/pages\/23","targetHints":{"allow":["GET"]}}],"collection":[{"href":"https:\/\/nicoladanzi.it\/it\/wp-json\/wp\/v2\/pages"}],"about":[{"href":"https:\/\/nicoladanzi.it\/it\/wp-json\/wp\/v2\/types\/page"}],"author":[{"embeddable":true,"href":"https:\/\/nicoladanzi.it\/it\/wp-json\/wp\/v2\/users\/1"}],"replies":[{"embeddable":true,"href":"https:\/\/nicoladanzi.it\/it\/wp-json\/wp\/v2\/comments?post=23"}],"version-history":[{"count":6,"href":"https:\/\/nicoladanzi.it\/it\/wp-json\/wp\/v2\/pages\/23\/revisions"}],"predecessor-version":[{"id":363,"href":"https:\/\/nicoladanzi.it\/it\/wp-json\/wp\/v2\/pages\/23\/revisions\/363"}],"wp:attachment":[{"href":"https:\/\/nicoladanzi.it\/it\/wp-json\/wp\/v2\/media?parent=23"}],"curies":[{"name":"wp","href":"https:\/\/api.w.org\/{rel}","templated":true}]}}